{"id":69,"date":"2018-10-01T16:28:55","date_gmt":"2018-10-01T14:28:55","guid":{"rendered":"http:\/\/msdb.webline.cz\/index.php\/mesmerize\/"},"modified":"2023-05-03T00:01:52","modified_gmt":"2023-05-02T22:01:52","slug":"mesmerize","status":"publish","type":"page","link":"https:\/\/msdb.info\/","title":{"rendered":"MSDB"},"content":{"rendered":"<div  data-label=\"Portfolio\" data-id=\"portfolio--1\" data-export-id=\"portfolio-1\" data-category=\"portfolio\" class=\"portfolio-1 content-section content-section-spacing\" id=\"portfolio-1\" style=\"background-color: rgb(245, 250, 253);\"><div  class=\"gridContainer\"> <div  class=\"row text-center\"><div  class=\"section-title-col\" data-type=\"column\"> <h2  class=\"\">Kl\u00ed\u010dov\u00e9 vlastnosti MS Dashboard<\/h2> <p  class=\"lead\"><span  style=\"font-weight: 700;\">\u2013 optimalizov\u00e1no pro obchodn\u00edky Price Action \u2013<br ><span  style=\"font-weight: 300;\">#p\u0159ehled #rychlost #jednoduch\u00e9_ovl\u00e1d\u00e1n\u00ed #money_management #inteligentn\u00ed_p\u0159\u00edkazy #sd\u00edlen\u00ed_dat<\/span><\/span><\/p><\/div> <\/div> <div  data-type=\"row\" class=\"row spaced-cols center-sm\" data-fixed=\"true\">  <div  class=\"col-xs-12 col-sm-4 col-md-3\"><div  class=\"contentswap-effect visible\" data-hover-fx=\"portfolio-1\"> <div  class=\"initial-image\"> <img decoding=\"async\"  data-size=\"500x333\" src=\"https:\/\/msdb.info\/wp-content\/uploads\/2018\/11\/sl1.png\"><\/div> <div  class=\"overlay\"><\/div> <div  class=\"swap-inner col-xs-12\"> <div  class=\"row full-height-row bottom-xs\"> <div  class=\"col-xs-12 color1 text-center content-holder\"> <h4  class=\"inverted font-500\"><\/h4> <a href=\"https:\/\/msdb.info\/wp-content\/uploads\/2018\/11\/sl1.png\" class=\"inverted italic p small\" target=\"lightbox\" data-cp-link=\"1\" rel=\"noopener noreferrer\">Hlavn\u00ed panel, formace, objekty, alarmy, pozn\u00e1mky, informace o pozic\u00edch<\/a><\/div> <\/div><\/div> <\/div><\/div> <div  class=\"col-xs-12 col-sm-4 col-md-3\"><div  class=\"contentswap-effect visible\" data-hover-fx=\"portfolio-1\"> <div  class=\"initial-image\"> <img decoding=\"async\"  data-size=\"500x333\" src=\"https:\/\/msdb.info\/wp-content\/uploads\/2018\/11\/sl2.png\"><\/div> <div  class=\"overlay\"><\/div> <div  class=\"swap-inner col-xs-12\"> <div  class=\"row full-height-row bottom-xs\"> <div  class=\"col-xs-12 color1 text-center content-holder\"> <h4  class=\"inverted font-500\"><\/h4> <a href=\"https:\/\/msdb.info\/wp-content\/uploads\/2018\/11\/sl2.png\" class=\"inverted italic p small\" target=\"lightbox\" data-cp-link=\"1\" rel=\"noopener noreferrer\">Money Management, d\u011blen\u00ed pozic<\/a><\/div> <\/div><\/div> <\/div><\/div>    <div  class=\"col-xs-12 col-sm-4 col-md-3\"><div  class=\"contentswap-effect visible\" data-hover-fx=\"portfolio-1\"> <div  class=\"initial-image\"> <img decoding=\"async\"  data-size=\"500x333\" src=\"https:\/\/msdb.info\/wp-content\/uploads\/2018\/11\/sl4-1.png\"><\/div> <div  class=\"overlay\"><\/div> <div  class=\"swap-inner col-xs-12\"> <div  class=\"row full-height-row bottom-xs\"> <div  class=\"col-xs-12 color1 text-center content-holder\"> <h4  class=\"inverted font-500\"><\/h4> <a href=\"https:\/\/msdb.info\/wp-content\/uploads\/2018\/11\/sl4-1.png\" class=\"inverted italic p small\" target=\"lightbox\" data-cp-link=\"1\" rel=\"noopener noreferrer\">Inteligentn\u00ed p\u0159\u00edkazy, realizace obchodu za dv\u011b vte\u0159iny<\/a><\/div> <\/div><\/div> <\/div><\/div><div  class=\"col-xs-12 col-sm-4 col-md-3\"><div  class=\"contentswap-effect visible\" data-hover-fx=\"portfolio-1\"> <div  class=\"initial-image\"> <img decoding=\"async\"  data-size=\"500x333\" src=\"https:\/\/msdb.info\/wp-content\/uploads\/2018\/11\/sl3-1.png\"><\/div> <div  class=\"overlay\"><\/div> <div  class=\"swap-inner col-xs-12\"> <div  class=\"row full-height-row bottom-xs\"> <div  class=\"col-xs-12 color1 text-center content-holder\"> <h4  class=\"inverted font-500\"><\/h4> <a href=\"https:\/\/msdb.info\/wp-content\/uploads\/2018\/11\/sl3-1.png\" class=\"inverted italic p small\" target=\"lightbox\" data-cp-link=\"1\" rel=\"noopener noreferrer\">U\u010dte se od jin\u00fdch nebo je jen sledujte<\/a><\/div> <\/div><\/div> <\/div><\/div><\/div><\/div> <\/div><div  data-label=\"Features\" data-id=\"features--3\" data-export-id=\"features-12-card-bordered\" data-category=\"features\" class=\"features-12-card-bordered content-section content-section-spacing \" id=\"features-6\" style=\"background-color: rgb(245, 250, 253);\"><div  class=\"gridContainer\"><div  data-section-title-area=\"true\" class=\"row text-center\">   <div  class=\"section-title-col\" data-type=\"column\">                 <\/div><\/div>  <div  class=\"row spaced-cols\" data-type=\"row\"> <div  class=\"col-sm-6 col-md-12 \"> <div  class=\"card row-card bordered y-move\"> <div  class=\"row\"> <div  class=\"col-sm-fit icon-column\"> <a data-cp-link=\"1\" href=\"#\" target=\"_self\" rel=\"noopener noreferrer\"><i  class=\"fa icon fa-angellist bordered round color2\"><\/i><\/a> <\/div> <div  class=\"col-sm\" data-type=\"column\"> <h5  class=\"color2\">JEDNODUCH\u00c9 A P\u0158EHLEDN\u00c9 OVL\u00c1D\u00c1N\u00cd PLATFORMY<\/h5> <p  class=\"\">Ovl\u00e1d\u00e1n\u00ed platformy MetaTrader nebylo nikdy snadn\u011bj\u0161\u00ed d\u00edky na\u0161emu revolu\u010dn\u00edmu n\u00e1stroji. Ovl\u00e1d\u00e1n\u00ed kliknut\u00edm nebo kl\u00e1vesami, <span  style=\"font-weight: 700;\">jednoduch\u00e9 a \u00fa\u010dinn\u00e9 proch\u00e1zen\u00ed mnoha trh\u016f<\/span>. A\u017e na\u0161e mo\u017enosti ovl\u00e1d\u00e1n\u00ed zkus\u00edte, <span  style=\"font-weight: 700;\">nebudete cht\u00edt ovl\u00e1dat platformu jin\u00fdm zp\u016fsobem<\/span>.<\/p><\/div> <\/div><\/div> <\/div> <div  class=\"col-sm-6 col-md-12 \"> <div  class=\"card row-card bordered y-move\"> <div  class=\"row\"> <div  class=\"col-sm-fit icon-column\"> <i  class=\"fa icon fa-bar-chart bordered round color2\"><\/i> <\/div> <div  class=\"col-sm\" data-type=\"column\"> <h5  class=\"color2\">P\u0158EHLED O TRHU<\/h5> <p  class=\"\">V jednu chv\u00edli m\u00e1te p\u0159ehled o v\u00edce vybran\u00fdch trz\u00edch, <span  style=\"font-weight: 700;\">konfluenci ceny a zakreslen\u00fdch objekt\u016f a vybran\u00fdch sv\u00ed\u010dkov\u00fdch formac\u00ed, upozorn\u011bn\u00ed na dosa\u017een\u00e9 cenov\u00e9 \u00farovn\u011b<\/span> za pomoc\u00ed nastaviteln\u00fdch alarm\u016f a mnohem v\u00edce.\n<\/p><p  class=\"\"><span  style=\"font-weight: 700; color: rgb(255, 51, 105);\">Nov\u00e9 funkce: integrovan\u00fd Market Profile, automatick\u00e9 SR \u00farovn\u011b a trendov\u00e9 linky, Korelace, GAP 123,&nbsp;Supply \/ Demand z\u00f3ny \u2013 u\u017e nep\u0159ehl\u00e9dnete \u017e\u00e1dnou p\u0159\u00edle\u017eitost!!!<\/span><\/p><\/div> <\/div><\/div> <\/div> <div  class=\"col-sm-6 col-md-12 \"> <div  class=\"card row-card bordered y-move\"> <div  class=\"row\"> <div  class=\"col-sm-fit icon-column\"> <a data-cp-link=\"1\" href=\"#\" target=\"_self\" rel=\"noopener noreferrer\"><i  class=\"fa icon fa-exchange bordered round color2\"><\/i><\/a> <\/div> <div  class=\"col-sm\" data-type=\"column\"> <h5  class=\"color2\">SNADN\u00c1 REALIZACE P\u0158\u00cdKAZ\u016e, integrovan\u00fd MONEY MANAGEMENT<\/h5> <p  class=\"\"><span  style=\"font-weight: 700;\">Automatick\u00e9 sestaven\u00ed obchodn\u00edch p\u0159\u00edkaz\u016f s integrovan\u00fdm Money Managementem pomoc\u00ed my\u0161i b\u011bhem n\u011bkolika vte\u0159in<\/span>, v\u00fdpo\u010det rizika a RRR, d\u011blen\u00ed pozic. Sestavovan\u00e9 p\u0159\u00edkazy mohou (pokud chcete) respektovat zakreslen\u00e9 objekty (z\u00f3ny) a samy vhodn\u011b zvolit typ p\u0159\u00edkazu, p\u0159edpokl\u00e1dan\u00fd stop loos a take profit v\u010detn\u011b respektov\u00e1n\u00ed zvolen\u00e9ho rizika v procentech nebo investovan\u00e9 \u010d\u00e1stce. Sestaven\u00e9 p\u0159\u00edkazy je d\u00e1le mo\u017eno upravovat.<\/p><p  class=\"\"><span  style=\"color: rgb(255, 51, 105); font-weight: 700;\">Nov\u00e9 funkce: \u00fapravy a definov\u00e1n\u00ed p\u0159\u00edkaz\u016f na uzav\u0159en\u00e9m trhu (v\u00edkendov\u00e1 p\u0159\u00edprava), definov\u00e1n\u00ed p\u0159\u00edkaz\u016f na z\u00e1klad\u011b podm\u00ednek!!!<\/span><\/p><\/div> <\/div><\/div> <\/div> <div  class=\"col-sm-6 col-md-12 \"> <div  class=\"card row-card bordered y-move\"> <div  class=\"row\"> <div  class=\"col-sm-fit icon-column\"> <a data-cp-link=\"1\" href=\"#\" target=\"_self\" rel=\"noopener noreferrer\"><i  class=\"fa icon fa-soundcloud bordered round color2\"><\/i><\/a> <\/div> <div  class=\"col-sm\" data-type=\"column\"> <h5  class=\"color2\">SD\u00cdLEN\u00cd DAT V CLOUDU \u2013 pod\u00edvejte se, co maj\u00ed na grafu jin\u00ed u\u017eivatel\u00e9 nebo obchodujte p\u0159\u00edmo podle nich<\/h5> <p  class=\"\">V platform\u011b MetaTrader zcela<span  style=\"font-weight: 700;\"> revolu\u010dn\u00ed sd\u00edlen\u00ed u\u017eivatelsk\u00fdch objekt\u016f<\/span>. M\u016f\u017eete kreslit objekty a vkl\u00e1dat texty na sv\u00e9m grafu a trhu a tato data sd\u00edlet v cloudu pro jin\u00e9 u\u017eivatele. Ka\u017ed\u00fd u\u017eivatel si m\u016f\u017ee data p\u0159ihl\u00e1sit k odb\u011bru a <span  style=\"font-weight: 700;\">vid\u011bt objekty ve sv\u00e9m termin\u00e1lu stejn\u011b tak, jako by uveden\u00e9 objekty vytvo\u0159il s\u00e1m<\/span>. P\u0159en\u00e1\u0161eny jsou i zm\u011bny objekt\u016f, vhodn\u00e9 pro mentoring, takt\u00e9\u017e je p\u0159\u00edmo mo\u017en\u00e9 dle odeb\u00edran\u00fdch objekt\u016f sestavovat obchodn\u00ed p\u0159\u00edkazy<\/p><\/div> <\/div><\/div> <\/div><div  class=\"col-sm-6 col-md-12 \"> <div  class=\"card row-card bordered y-move\"> <div  class=\"row\"> <div  class=\"col-sm-fit icon-column\"> <a data-cp-link=\"1\" href=\"#\" target=\"_self\" rel=\"noopener noreferrer\"><i  class=\"fa icon fa-gears bordered round color2\"><\/i><\/a> <\/div> <div  class=\"col-sm\" data-type=\"column\"> <h5  class=\"color2\">MINIMUM NASTAVOV\u00c1N\u00cd<\/h5> <p  class=\"\"><span  style=\"font-weight: 700;\">Aplikaci tvo\u0159\u00edme pro to, abychom V\u00e1m zjednodu\u0161ili \u017eivot<\/span>. Proto nen\u00ed nutno aplikaci n\u011bjak nastavovat. Jednoduch\u00e1 instalace je ale nutnost\u00ed a d\u00e1le budete pouze muset vybrat trhy, kter\u00e9 m\u00e1te z\u00e1jem sledovat. Nicm\u00e9n\u011b, pokud si chcete u\u017e\u00edt v\u0161ech mo\u017enost\u00ed aplikace, bude nutn\u00e1 registrace a aktivace produktu.<\/p><\/div> <\/div><\/div> <\/div><div  class=\"col-sm-6 col-md-12 \"> <div  class=\"card row-card bordered y-move\"> <div  class=\"row\"> <div  class=\"col-sm-fit icon-column\"> <a data-cp-link=\"1\" href=\"#\" target=\"_self\" rel=\"noopener noreferrer\"><i  class=\"fa icon fa-download bordered round color2\"><\/i><\/a> <\/div> <div  class=\"col-sm\" data-type=\"column\"> <h5  class=\"color2\">SNADN\u00c9 AKTUALIZACE APLIKACE bez pot\u0159ebn\u00e9ho z\u00e1sahu u\u017eivatele<\/h5> <p  class=\"\">Po instalaci aplikace se o aktualizace postar\u00e1me sami. <span  style=\"font-weight: 700;\">Jednoduch\u00e1, pln\u011b automatick\u00e1 aktualizace aplikace na platform\u011b MetaTrader.<\/span><\/p><\/div> <\/div><\/div> <\/div><\/div> <\/div><\/div><div  data-label=\"Features\" data-id=\"features--5\" data-export-id=\"features-6\" data-category=\"features\" class=\"features-6 content-section-spacing\" id=\"jak-zacit\" style=\"background-color: rgb(245, 250, 253); background-image: none;\"><div  class=\"gridContainer\"> <div  class=\"row text-center\"><div  class=\"section-title-col\" data-type=\"column\"> <h2  class=\"\">Jak za\u010d\u00edt<\/h2> <p  class=\"lead\">Za\u010d\u00edt je snadn\u00e9. Za\u010dn\u011bte prvn\u00edm krokem, do ni\u010deho dal\u0161\u00edho V\u00e1s nebudeme nutit.<\/p><\/div> <\/div> <div  data-type=\"row\" class=\"row space-bottom\"> <div  class=\"col-xs-12 col-sm-4 col-padding-small-xs col-md-4 \"> <div  class=\"row\"> <div  class=\"col-xs-fit\"> <p  class=\"oval color2\">1<\/p><\/div> <div  class=\"col-xs left-text\" data-type=\"column\"><h4  class=\"color2\">Sta\u017een\u00ed a instalace<\/h4> <p  class=\"\">Prvn\u00ed krok je z\u00edskat a instalovat aplikaci. Vyzkou\u0161ejte hned! Snadn\u00e1 instalace v n\u011bkolika kroc\u00edch. <span  style=\"text-decoration: underline;\">V\u011bt\u0161ina funkc\u00ed aplikace dostupn\u00e1 bez pot\u0159eby registrace.<\/span><\/p><a class=\"link\" href=\"https:\/\/msdb.info\/index.php\/instalace\" target=\"_self\" data-cp-link=\"1\" rel=\"noopener noreferrer\">CHCI Z\u00cdSKAT APLIKACI<\/a><\/div> <\/div><\/div> <div  class=\"col-xs-12 col-sm-4 col-padding-small-xs col-md-4 \"><div  class=\"row\"> <div  class=\"col-xs-fit\"><p  class=\"oval color2\">2<\/p><\/div> <div  class=\"col-xs left-text\" data-type=\"column\"><h4  class=\"color2\">Registrovat se (voliteln\u00e9)<\/h4> <p  class=\"\">Chcete aplikaci u\u017e\u00edt naplno? Po registraci a aktivaci aplikace m\u00e1te p\u0159\u00edstupn\u00e9 v\u0161echny mo\u017enosti a v\u00fdhody, kter\u00e9 nab\u00edz\u00edme \u2013 zejm\u00e9na sd\u00edlen\u00ed objekt\u016f mezi u\u017eivateli.<\/p><a class=\"link\" href=\"https:\/\/account.msdb.info\" target=\"_blank\" data-cp-link=\"1\" rel=\"noopener noreferrer\">M\u00c1M Z\u00c1JEM REGISTROVAT \u00da\u010cET<\/a><\/div> <\/div><\/div> <div  class=\"col-xs-12 col-sm-4 col-padding-small-xs col-md-4 \"><div  class=\"row\"> <div  class=\"col-xs-fit\"><p  class=\"oval color2\">3<\/p><\/div> <div  class=\"col-xs left-text\" data-type=\"column\"><h4  class=\"color2\"><span  style=\"text-decoration: line-through;\">Zakoupit aplikaci<\/span><\/h4> <p  class=\"\">V\u011bt\u0161ina funkc\u00ed aplikace je zdarma. Pouze n\u011bkter\u00e9 funkce pro sd\u00edlen\u00ed dat mezi u\u017eivateli aplikce mohou b\u00fdt v budoucnu zpoplatn\u011bny. Zat\u00edm ale ne \ud83d\ude42<\/p><a class=\"link\" href=\"https:\/\/account.msdb.info\/index.pl?pe=profile_buy\" target=\"_blank\" data-cp-link=\"1\" rel=\"noopener noreferrer\">VSTUP DO \u010cLENSK\u00c9 SEKCE<\/a><\/div> <\/div><\/div> <\/div> <div  class=\"row\"> <div  data-type=\"column\" class=\"col-xs-12 text-center\"> <\/div> <\/div><\/div> <\/div><div  data-label=\"Features\" data-id=\"features--1\" data-export-id=\"features-12-card-bordered-colored\" data-category=\"features\" class=\"features-12-card-bordered-colored content-section content-section-spacing \" id=\"features-4\" style=\"background-color: rgb(255, 255, 255);\"><div  class=\"gridContainer\"><div  class=\"row text-center\"><div  class=\"section-title-col\" data-type=\"column\"> <h2  class=\"\">N\u00e1vody pro pr\u00e1ci s aplikac\u00ed<\/h2> <p  class=\"lead\">Pro snadn\u00e9 pou\u017e\u00edv\u00e1n\u00ed aplikace si nezapome\u0148te prostudovat n\u00e1vody. Dal\u0161\u00ed podporu z\u00edsk\u00e1te v diskusn\u00edm f\u00f3ru.<\/p><a class=\"button small color1\" href=\"https:\/\/msdb.info\/index.php\/navody\" target=\"_self\" data-cp-link=\"1\" data-icon=\"\" rel=\"noopener noreferrer\">V\u0161echny n\u00e1vody p\u011bkn\u011b pohromad\u011b<\/a><a class=\"button small color1\" href=\"https:\/\/forum.msdb.info\" target=\"_blank\" data-cp-link=\"1\" data-icon=\"\" rel=\"noopener noreferrer\">Diskusn\u00ed f\u00f3rum, technick\u00e1 podpora<\/a><a class=\"button small color2\" href=\"https:\/\/facebook.com\/msdb.info\" target=\"_blank\" data-cp-link=\"1\" data-icon=\"\" rel=\"noopener noreferrer\">n\u00e1vody a technick\u00e1 podpora na facebooku<\/a><\/div> <\/div> <div  class=\"row spaced-cols\" data-type=\"row\"> <div  class=\"col-xs-12 col-sm-6 col-md-12 \"> <div  class=\"card row-card bottom-border-color2\"> <div  class=\"row\"> <div  class=\"col-sm-fit icon-column\"> <a data-cp-link=\"1\" href=\"https:\/\/msdb.info\/index.php\/navody\/#instalace\" target=\"_self\" class=\"\" rel=\"noopener noreferrer\"><i  class=\"fa icon fa-hand-o-right bordered round color2\"><\/i><\/a> <\/div> <div  class=\"col-sm\" data-type=\"column\"> <h5  class=\"color2\">Instalace<\/h5> <p  class=\"\">Animace V\u00e1s provede snadn\u00fdm postupem instalace, ujist\u00edte se tak, \u017ee jste v\u0161echny kroky u\u010dinili spr\u00e1vn\u011b.<\/p><a class=\"link\" href=\"https:\/\/msdb.info\/index.php\/navody\/#instalace\" target=\"_self\" data-cp-link=\"1\" rel=\"noopener noreferrer\">pod\u00edvejte se do sekce n\u00e1vody na postup instalace<\/a><\/div> <\/div><\/div> <\/div> <div  class=\"col-xs-12 col-sm-6 col-md-12 \"> <div  class=\"card row-card bottom-border-color2\"> <div  class=\"row\"> <div  class=\"col-sm-fit icon-column\"> <a data-cp-link=\"1\" href=\"https:\/\/msdb.info\/index.php\/navody\/#pracesmsdb\" target=\"_self\" class=\"\" rel=\"noopener noreferrer\"><i  class=\"fa icon fa-sign-language bordered round color2\"><\/i><\/a> <\/div> <div  class=\"col-sm\" data-type=\"column\"> <h5  class=\"color2\">Prvn\u00ed kroky s MSDB, registrace \u00fa\u010dtu<\/h5> <p  class=\"\">Pokud m\u00e1te aplikaci \u00fasp\u011b\u0161n\u011b nainstalovanou, v tomto videu si m\u016f\u017eete prohl\u00e9dnout prvn\u00ed kroky s aplikac\u00ed, z\u00e1kladn\u00ed nastaven\u00ed a proveden\u00ed registrace \u00fa\u010dtu, kter\u00e1 V\u00e1m umo\u017en\u00ed vyzkou\u0161et v\u0161echny mo\u017enosti pr\u00e1ce s aplikac\u00ed.<\/p><a class=\"link\" href=\"https:\/\/msdb.info\/index.php\/navody\/#pracesmsdb\" target=\"_self\" data-cp-link=\"1\" rel=\"noopener noreferrer\">pod\u00edvejte se do sekce n\u00e1vody, jak za\u010d\u00edt po\u017e\u00edvat MSDB<\/a><\/div> <\/div><\/div> <\/div>  <div  class=\"col-xs-12 col-sm-6 col-md-12\"> <div  class=\"card row-card bottom-border-color2\"> <div  class=\"row\"> <div  class=\"col-sm-fit icon-column\"> <a data-cp-link=\"1\" href=\"https:\/\/msdb.info\/index.php\/navody\/#manual1\" target=\"_self\" class=\"\" rel=\"noopener noreferrer\"><i  class=\"fa icon fa-hand-o-right bordered round color2\"><\/i><\/a> <\/div> <div  class=\"col-sm\" data-type=\"column\"> <h5  class=\"color2\">\u00dapln\u00fd n\u00e1vod, jak vyu\u017e\u00edt MSDB naplno<\/h5> <p  class=\"\">N\u00e1vod k pou\u017e\u00edv\u00e1n\u00ed MS Dashboard, kde se sezn\u00e1m\u00edte se v\u0161emi funkcemi aplikace, mo\u017enostmi ovl\u00e1d\u00e1n\u00ed, sd\u00edlen\u00edm objekt\u016f, money managementem a realizac\u00ed p\u0159\u00edkaz\u016f.<\/p><a class=\"link\" href=\"https:\/\/msdb.info\/index.php\/navody\/#manual1\" target=\"_self\" data-cp-link=\"1\" rel=\"noopener noreferrer\">pod\u00edvejte se do sekce n\u00e1vody, jak pou\u017e\u00edvat MSDB<\/a><\/div> <\/div><\/div> <\/div><div  class=\"col-xs-12 col-sm-6 col-md-12\"> <div  class=\"card row-card bottom-border-color2\"> <div  class=\"row\"> <div  class=\"col-sm-fit icon-column\"> <a data-cp-link=\"1\" href=\"https:\/\/forum.msdb.info\" target=\"_blank\" class=\"\" rel=\"noopener noreferrer\"><i  class=\"fa icon fa-users bordered round color2\"><\/i><\/a> <\/div> <div  class=\"col-sm\" data-type=\"column\"> <h5  class=\"color2\">Diskusn\u00ed f\u00f3rum, technick\u00e1 podpora<\/h5> <p  class=\"\">V diskusn\u00edm f\u00f3ru m\u016f\u017eete po\u017e\u00e1dat o technickou podporu a pomoc. S roz\u0161i\u0159ov\u00e1n\u00edm po\u010dtu p\u0159\u00edsp\u011bvk\u016f jist\u011b snadno naleznete \u0159e\u0161en\u00ed nebo odpov\u011bdi na n\u011bkter\u00e9 Va\u0161e ot\u00e1zky.<\/p><a class=\"link\" href=\"https:\/\/forum.msdb.info\" target=\"_blank\" data-cp-link=\"1\" rel=\"noopener noreferrer\">pod\u00edvejte se do diskusn\u00edho f\u00f3ra nebo po\u017e\u00e1dejte o technickou podporu<\/a><a class=\"link\" href=\"https:\/\/facebook.com\/msdb.info\" target=\"_blank\" data-cp-link=\"1\" rel=\"noopener noreferrer\">\ufeffnav\u0161tivte na\u0161e str\u00e1nky na Facebooku, kde tak\u00e9 naleznete n\u00e1vody a technickou podporou<\/a><\/div> <\/div><\/div> <\/div><\/div> <\/div><\/div><div  data-label=\"Cta\" data-id=\"cta--2\" data-export-id=\"cta-centered-section-grid\" data-category=\"cta\" class=\"cta-centered-section-grid content-section content-section-spacing-medium bg-color1 white-text\" id=\"cta-3\"><div  class=\"gridContainer\"> <div  class=\"row text-center\"><div  class=\"col-xs-12 col-sm-10 col-sm-offset-1 col-md-8 col-md-offset-2\" data-type=\"column\"> <h2  class=\"\"><span  style=\"font-weight: 700;\">Je\u0161t\u011b nejste zaregistrov\u00e1ni? Tak do toho!\n<\/span><br ><span  style=\"font-weight: 400;\">Vyzkou\u0161ejte pln\u011b funk\u010dn\u00ed aplikaci!<\/span><\/h2> <p  class=\"\">Pokud pou\u017e\u00edv\u00e1te aplikaci v omezen\u00e9 verzi zdarma, zaregistrujte se a u\u017eijte si aplikaci naplno.<\/p> <a class=\"button color2\" href=\"https:\/\/account.msdb.info\/index.pl?pe=profile_main\" target=\"_blank\" data-cp-link=\"1\" data-icon=\"\" rel=\"noopener noreferrer\">REGISTRUJTE SE NYN\u00cd<\/a><\/div> <\/div><\/div> <\/div><div  data-label=\"Team\" data-id=\"team--1\" data-export-id=\"team-5\" data-category=\"team\" class=\"team-5 content-section content-section-spacing\" id=\"team-1\" style=\"background-color: rgb(255, 255, 255);\"><div  class=\"gridContainer\"> <div  class=\"row text-center\"><div  class=\"section-title-col\" data-type=\"column\"> <h2  class=\"\">N\u00e1\u0161 t\u00fdm<\/h2> <p  class=\"lead\">0ne m@n shovv<\/p><\/div> <\/div> <div  class=\"row spaced-cols content-center-sm center-sm\" data-type=\"row\"> <div  class=\"col-xs-12 col-sm-6 col-padding col-md-3 \"> <div  class=\"row \"> <div  data-type=\"column\" class=\"col-xs-12 col-sm-12\"> <img decoding=\"async\"  class=\"round face\" src=\"https:\/\/msdb.info\/wp-content\/uploads\/2018\/10\/cropped-mojex.jpg\" alt=\"\" title=\"cropped-mojex.jpg\"> <h4  class=\"font-500\">Marek Scho\u0159<\/h4> <p  class=\"italic\">realizace projektu<\/p> <p  class=\"\">N\u00e1vrh a realizace v\u0161ech sou\u010d\u00e1st\u00ed projektu: programov\u00e1n\u00ed, s\u00ed\u0165ov\u00e1 infrastruktura, SQL, API, servery, weby, grafika, videa, manu\u00e1ly, marketing\u2026<\/p> <div  class=\"social-icons-group\" data-type=\"group\"> <a href=\"https:\/\/www.webline.cz\" target=\"_blank\" class=\"\" rel=\"noopener noreferrer\"><i  class=\"fa icon fa-external-link-square gray\"><\/i><\/a> <a href=\"https:\/\/twitter.com\/marexor\" target=\"_blank\" class=\"\" rel=\"noopener noreferrer\"><i  class=\"fa icon fa-twitter-square gray\"><\/i><\/a> <a href=\"https:\/\/www.linkedin.com\/in\/marek-schor\" target=\"_blank\" class=\"\" rel=\"noopener noreferrer\"><i  class=\"fa icon fa-linkedin-square gray\"><\/i><\/a> <a href=\"https:\/\/www.youtube.com\/channel\/UCcr8VlKVTZbuTIlpuJ7pSrg\" target=\"_blank\" class=\"\" rel=\"noopener noreferrer\"><i  class=\"fa icon fa-youtube-square gray\"><\/i><\/a><\/div> <a class=\"link\" href=\"https:\/\/www.webline.cz\" target=\"_self\" data-cp-link=\"1\" rel=\"noopener noreferrer\">P\u0159\u00edm\u00e9 kontakty<\/a><\/div><\/div> <\/div>       <\/div> <\/div><\/div>","protected":false},"excerpt":{"rendered":"<p>Kl\u00ed\u010dov\u00e9 vlastnosti MS Dashboard \u2013 optimalizov\u00e1no pro obchodn\u00edky Price Action \u2013#p\u0159ehled #rychlost #jednoduch\u00e9_ovl\u00e1d\u00e1n\u00ed #money_management #inteligentn\u00ed_p\u0159\u00edkazy #sd\u00edlen\u00ed_dat Hlavn\u00ed panel, formace, objekty, alarmy, pozn\u00e1mky, informace o pozic\u00edch Money Management, d\u011blen\u00ed pozic Inteligentn\u00ed p\u0159\u00edkazy, realizace obchodu za dv\u011b vte\u0159iny U\u010dte se od jin\u00fdch nebo je jen sledujte JEDNODUCH\u00c9 A P\u0158EHLEDN\u00c9 OVL\u00c1D\u00c1N\u00cd PLATFORMY Ovl\u00e1d\u00e1n\u00ed platformy MetaTrader nebylo nikdy snadn\u011bj\u0161\u00ed&hellip; <br \/> <a class=\"read-more\" href=\"https:\/\/msdb.info\/\">V\u00edce<\/a><\/p>\n","protected":false},"author":1,"featured_media":0,"parent":0,"menu_order":0,"comment_status":"closed","ping_status":"closed","template":"page-templates\/homepage.php","meta":{"footnotes":""},"class_list":["post-69","page","type-page","status-publish","hentry"],"_links":{"self":[{"href":"https:\/\/msdb.info\/index.php\/wp-json\/wp\/v2\/pages\/69","targetHints":{"allow":["GET"]}}],"collection":[{"href":"https:\/\/msdb.info\/index.php\/wp-json\/wp\/v2\/pages"}],"about":[{"href":"https:\/\/msdb.info\/index.php\/wp-json\/wp\/v2\/types\/page"}],"author":[{"embeddable":true,"href":"https:\/\/msdb.info\/index.php\/wp-json\/wp\/v2\/users\/1"}],"replies":[{"embeddable":true,"href":"https:\/\/msdb.info\/index.php\/wp-json\/wp\/v2\/comments?post=69"}],"version-history":[{"count":113,"href":"https:\/\/msdb.info\/index.php\/wp-json\/wp\/v2\/pages\/69\/revisions"}],"predecessor-version":[{"id":720,"href":"https:\/\/msdb.info\/index.php\/wp-json\/wp\/v2\/pages\/69\/revisions\/720"}],"wp:attachment":[{"href":"https:\/\/msdb.info\/index.php\/wp-json\/wp\/v2\/media?parent=69"}],"curies":[{"name":"wp","href":"https:\/\/api.w.org\/{rel}","templated":true}]}}